{"id":79,"date":"2023-10-09T20:02:38","date_gmt":"2023-10-09T18:02:38","guid":{"rendered":"https:\/\/labonnenouvelle-valdeleure.fr\/index.php\/mesmerize\/"},"modified":"2026-01-30T17:40:13","modified_gmt":"2026-01-30T16:40:13","slug":"mesmerize","status":"publish","type":"page","link":"https:\/\/labonnenouvelle-valdeleure.fr\/","title":{"rendered":"Front Page"},"content":{"rendered":"<div id=\"overlappable-4\" class=\"overlappable-4 content-section content-section-spacing\" style=\"background-color: #0da2e5; background-image: none;\" data-label=\"Overlappable\" data-id=\"overlappable-4\" data-export-id=\"overlappable-4\" data-category=\"overlappable\" data-overlap=\"true\">\n<div class=\"gridContainer\">\n<div class=\"row spaced-cols text-center\" data-type=\"row\">\n<div class=\"col-xs-12 col-sm-4 col-padding col-md-12 \">\n<h3 class=\"\" style=\"text-align: center;\" data-type=\"column\"><span class=\"\" style=\"color: #000000;\"><strong class=\"\">Vision pastorale : Les yeux fix\u00e9s sur J\u00e9sus, entrons dans le projet de Dieu.<\/strong><\/span><\/h3>\n<\/div>\n<\/div>\n<\/div>\n<\/div>\n<div id=\"about-3\" class=\"about-10 content-section content-section-spacing\" style=\"background-color: #ffffff;\" data-label=\"About\" data-id=\"about--2\" data-export-id=\"about-10\" data-category=\"about\">\n<div class=\"gridContainer\">\n<div class=\"row middle-sm text-center\">\n<div class=\"col-sm-5 space-bottom-xs content-column\" data-type=\"column\">\n<h2 class=\"\">Implantation des \u00e9glises et des chapelles<\/h2>\n<p class=\"\">Compos\u00e9e de 24 \u00e9glises, 3 chapelles et son oratoire des si\u00e8cles d\u2019histoire, d\u2019art et de liturgie.<\/p>\n\n<\/div>\n<div class=\"col-sm-7 flexbox middle-xs center-xs space-bottom-xs\">\n<div class=\"overlay-box middle-xs center-xs flexbox\">\n<div class=\"overlay-box-offset offset-border shadow-medium border-color1 hide-xs\"><\/div>\n<a href=\"#\" data-cp-link=\"1\"><img decoding=\"async\" class=\"shadow-large\" title=\"cropped-Carte_La_Bonne_Nouvelle_EureLoir_prev_ui-1.png\" src=\"http:\/\/labonnenouvelle-valdeleure.fr\/wp-content\/uploads\/2023\/10\/cropped-Carte_La_Bonne_Nouvelle_EureLoir_prev_ui-1.png\" alt=\"\" data-size=\"485x705\" \/><\/a>\n\n<\/div>\n<\/div>\n<\/div>\n<\/div>\n<\/div>\n<div id=\"features-3\" class=\"features-12-card-bordered content-section content-section-spacing \" style=\"background-color: #ffffff;\" data-label=\"Features\" data-id=\"features-12-card-bordered\" data-export-id=\"features-12-card-bordered\" data-category=\"features\">\n<div class=\"gridContainer\">\n<div class=\"row text-center\">\n<div class=\"section-title-col\" data-type=\"column\">\n<h2 class=\"\">Actualit\u00e9s<\/h2>\n<p class=\"lead\">Quelques actualit\u00e9s sur les prochains \u00e9v\u00e9nements.<\/p>\n\n<\/div>\n<\/div>\n<div class=\"row spaced-cols\" data-type=\"row\">\n<div class=\"col-sm-6\">\n<div class=\"card row-card bordered y-move\">\n<div class=\"row\">\n<div class=\"col-sm-fit icon-column\"><\/div>\n<div class=\"col-sm\" data-type=\"column\">\n<h5 class=\"color2\"><a href=\"https:\/\/labonnenouvelle-valdeleure.fr?p=657\" target=\"_self\" rel=\"noopener\" data-cp-link=\"1\">JOURNAL DES VALLEES<\/a><\/h5>\n<p class=\"\">Dans ce trimestriel, vous trouverez des articles sur la vie de notre paroisse.<\/p>\n\n<\/div>\n<\/div>\n<\/div>\n<\/div>\n<div class=\"col-sm-6\">\n<div class=\"card row-card bordered y-move\">\n<div class=\"row\">\n<div class=\"col-sm-fit icon-column\"><\/div>\n<div class=\"col-sm\" data-type=\"column\">\n<h5 class=\"color2\"><a href=\"https:\/\/labonnenouvelle-valdeleure.fr\/index.php\/2026\/01\/30\/mois-en-cours\/\" target=\"_self\" rel=\"noopener\" data-cp-link=\"1\">LA FEUILLE DU MOIS<\/a><\/h5>\n<p class=\"\">La vie paroissiale du mois.<\/p>\n\n<\/div>\n<\/div>\n<\/div>\n<\/div>\n<div class=\"col-sm-6\">\n<div class=\"card row-card bordered y-move\">\n<div class=\"row\">\n<div class=\"col-sm-fit icon-column\"><\/div>\n<div class=\"col-sm\" data-type=\"column\">\n<h5 class=\"color2\"><a href=\"https:\/\/labonnenouvelle-valdeleure.fr\/index.php\/2026\/01\/30\/semaine-en-cours\/\" target=\"_self\" rel=\"noopener\" data-cp-link=\"1\">LA FEUILLE DE LA SEMAINE<\/a><\/h5>\n<p class=\"\">Les annonces de la semaine.<\/p>\n\n<\/div>\n<\/div>\n<\/div>\n<\/div>\n<div class=\"col-sm-6\">\n<div class=\"card row-card bordered y-move\">\n<div class=\"row\">\n<div class=\"col-sm-fit icon-column\"><\/div>\n<div class=\"col-sm\" data-type=\"column\">\n<h5 class=\"color2\">SOUTENEZ LA MISSION DE LA PAROISSE<\/h5>\n<p class=\"\">\u00ab\u00a0<span style=\"font-style: italic;\">Que chacun donne comme il a d\u00e9cid\u00e9 dans son coeur, sans regret et sans contrainte, car Dieu aime celui qui donne avec joie<\/span>\u00ab\u00a0. (2 Co 9 ,7)<\/p>\n\n<\/div>\n<\/div>\n<\/div>\n<\/div>\n<\/div>\n<\/div>\n<\/div>\n<div id=\"portfolio-3\" class=\"portfolio-4 content-section content-section-spacing-top\" style=\"background-color: #f5fafd;\" data-label=\"Portfolio\" data-id=\"portfolio-4\" data-export-id=\"portfolio-4\" data-category=\"portfolio\">\n<div class=\"\">\n<div class=\"row text-center\">\n<div class=\"section-title-col\" data-type=\"column\">\n<h2 class=\"\">Photos de quelques \u00e9difices<\/h2>\n<p class=\"lead\">La Bonne Nouvelle en Val de l\u2019Eure regroupe 25 communes, 28 lieux de culte dont 24 \u00e9glises, 3 chapelles et l\u2019oratoire.<\/p>\nLa plupart des sanctuaires poss\u00e8dent des vitraux remarquables.\n\n<\/div>\n<\/div>\n<div class=\"row\" data-type=\"row\" data-fixed=\"true\">\n<div class=\"col-xs-12 col-sm-3 no-gutter-col\">\n<div class=\"contentswap-effect\" data-hover-fx=\"portfolio-4\">\n<div class=\"initial-image\"><a href=\"https:\/\/labonnenouvelle-valdeleure.fr\/index.php\/2023\/11\/24\/eglise-saint-pierre-courville-sur-eure\"><img loading=\"lazy\" decoding=\"async\" class=\"alignnone\" src=\"https:\/\/labonnenouvelle-valdeleure.fr\/wp-content\/uploads\/2023\/10\/cropped-Courville_OK-scaled-1.jpg\" alt=\"\" width=\"542\" height=\"360\" data-size=\"542x360\" \/><\/a><\/div>\n<div class=\"overlay bg-color1\"><\/div>\n<div class=\"swap-inner col-xs-12\">\n<div class=\"row full-height-row middle-xs middle-sm\">\n<div class=\"col-xs-12 text-center content-holder\"><\/div>\n<\/div>\n<\/div>\n<\/div>\n<\/div>\n<div class=\"col-xs-12 col-sm-3 no-gutter-col\">\n<div class=\"contentswap-effect\" data-hover-fx=\"portfolio-4\">\n<div class=\"initial-image\"><img decoding=\"async\" src=\"https:\/\/labonnenouvelle-valdeleure.fr\/wp-content\/uploads\/2023\/10\/cropped-La_Chapelle_Courville-scaled-1.jpg\" data-size=\"542x360\" \/><\/div>\n<div class=\"overlay bg-color1\"><\/div>\n<div class=\"swap-inner col-xs-12\">\n<div class=\"row full-height-row middle-xs middle-sm\">\n<div class=\"col-xs-12 text-center content-holder\"><\/div>\n<\/div>\n<\/div>\n<\/div>\n<\/div>\n<div class=\"col-xs-12 col-sm-3 no-gutter-col\">\n<div class=\"contentswap-effect\" data-hover-fx=\"portfolio-4\">\n<div class=\"initial-image\"><img decoding=\"async\" src=\"https:\/\/labonnenouvelle-valdeleure.fr\/wp-content\/uploads\/2023\/10\/cropped-Fontaine-scaled-1.jpg\" data-size=\"542x360\" \/><\/div>\n<div class=\"overlay bg-color1\"><\/div>\n<div class=\"swap-inner col-xs-12\">\n<div class=\"row full-height-row middle-xs middle-sm\">\n<div class=\"col-xs-12 text-center content-holder\"><\/div>\n<\/div>\n<\/div>\n<\/div>\n<\/div>\n<div class=\"col-xs-12 col-sm-3 no-gutter-col\">\n<div class=\"contentswap-effect\" data-hover-fx=\"portfolio-4\">\n<div class=\"initial-image\"><img decoding=\"async\" src=\"http:\/\/labonnenouvelle-valdeleure.fr\/wp-content\/uploads\/2023\/10\/cropped-Saint_Aubin-scaled-1.jpg\" data-size=\"542x360\" \/><\/div>\n<div class=\"overlay bg-color1\"><\/div>\n<div class=\"swap-inner col-xs-12\">\n<div class=\"row full-height-row middle-xs middle-sm\">\n<div class=\"col-xs-12 text-center content-holder\"><\/div>\n<\/div>\n<\/div>\n<\/div>\n<\/div>\n<div class=\"col-xs-12 col-sm-3 no-gutter-col\">\n<div class=\"contentswap-effect\" data-hover-fx=\"portfolio-4\">\n<div class=\"initial-image\"><img decoding=\"async\" src=\"http:\/\/labonnenouvelle-valdeleure.fr\/wp-content\/uploads\/2023\/10\/cropped-St_Luperce-scaled-1.jpg\" data-size=\"542x360\" \/><\/div>\n<div class=\"overlay bg-color1\"><\/div>\n<div class=\"swap-inner col-xs-12\">\n<div class=\"row full-height-row middle-xs middle-sm\">\n<div class=\"col-xs-12 text-center content-holder\"><\/div>\n<\/div>\n<\/div>\n<\/div>\n<\/div>\n<div class=\"col-xs-12 col-sm-3 no-gutter-col\">\n<div class=\"contentswap-effect\" data-hover-fx=\"portfolio-4\">\n<div class=\"initial-image\"><img decoding=\"async\" src=\"http:\/\/labonnenouvelle-valdeleure.fr\/wp-content\/uploads\/2023\/10\/cropped-Chuisnes.png\" data-size=\"542x360\" \/><\/div>\n<div class=\"overlay bg-color1\"><\/div>\n<div class=\"swap-inner col-xs-12\">\n<div class=\"row full-height-row middle-xs middle-sm\">\n<div class=\"col-xs-12 text-center content-holder\"><\/div>\n<\/div>\n<\/div>\n<\/div>\n<\/div>\n<div class=\"col-xs-12 col-sm-3 no-gutter-col\">\n<div class=\"contentswap-effect\" data-hover-fx=\"portfolio-4\">\n<div class=\"initial-image\"><img decoding=\"async\" src=\"http:\/\/labonnenouvelle-valdeleure.fr\/wp-content\/uploads\/2023\/10\/cropped-St_Luperce.png\" data-size=\"542x360\" \/><\/div>\n<div class=\"overlay bg-color1\"><\/div>\n<div class=\"swap-inner col-xs-12\">\n<div class=\"row full-height-row middle-xs middle-sm\">\n<div class=\"col-xs-12 text-center content-holder\"><\/div>\n<\/div>\n<\/div>\n<\/div>\n<\/div>\n<div class=\"col-xs-12 col-sm-3 no-gutter-col\">\n<div class=\"contentswap-effect\" data-hover-fx=\"portfolio-4\">\n<div class=\"initial-image\"><img decoding=\"async\" src=\"http:\/\/labonnenouvelle-valdeleure.fr\/wp-content\/uploads\/2023\/11\/cropped-Pontgouin.png\" data-size=\"542x360\" \/><\/div>\n<div class=\"overlay bg-color1\"><\/div>\n<div class=\"swap-inner col-xs-12\">\n<div class=\"row full-height-row middle-xs middle-sm\">\n<div class=\"col-xs-12 text-center content-holder\"><\/div>\n<\/div>\n<\/div>\n<\/div>\n<\/div>\n<\/div>\n<\/div>\n<\/div>\n<div id=\"contact-2\" class=\"contact-5 content-section content-section-spacing\" style=\"background-color: #f5fafd;\" data-label=\"Contact\" data-id=\"contact--1\" data-export-id=\"contact-6\" data-category=\"contact\">\n<div class=\"gridContainer\">\n<div class=\"row text-center\">\n<div class=\"section-title-col\" data-type=\"column\">\n<h2 class=\"\">Contactez-nous<\/h2>\n<p class=\"lead\">Pour nous joindre, vous avez ci-dessous toutes nos coordonn\u00e9es.<\/p>\n\n<\/div>\n<\/div>\n<div class=\"row middle-sm\">\n<div class=\"col-xs-12 col-sm-6 image-holder space-bottom-xs\">\n<div class=\"shadow-medium\" data-content-shortcode=\"mesmerize_maps address=&quot;2 RUE SAINT NICOLAS 28190 COURVILLE SUR EURE&quot; zoom=&quot;65&quot;\" data-editable=\"true\">        <div class=\"mesmerize-google-maps\" style=\"width:100%\">\n            <iframe style=\"width:100%; height:100%;min-height:inherit;display:block;\" src=\"https:\/\/maps.google.com\/maps?q=2%20RUE%20SAINT%20NICOLAS%2028190%20COURVILLE%20SUR%20EURE&#038;z=14&#038;output=embed&#038;iwloc=near\"><\/iframe>\n        <\/div>\n    <\/div>\n<\/div>\n<div class=\"col-xs-12 col-sm-6\">\n<div class=\"row middle-sm\">\n<div class=\"col-xs-12 space-bottom-small\" data-type=\"column\"><\/div>\n<\/div>\n<div class=\"row middle-sm\" data-type=\"row\">\n<div class=\"col-xs-12 space-bottom-small\">\n<div class=\"row\">\n<div class=\"col-xs-12 col-sm-fit label-col\" data-type=\"column\">\n<h5 class=\"\">Addresse :<\/h5>\n<\/div>\n<div class=\"col-xs-12 col-sm\" data-type=\"column\">\n<p class=\"\">2, rue Saint-Nicolas 28190 Courville-sur-Eure<\/p>\n\n<\/div>\n<\/div>\n<\/div>\n<div class=\"col-xs-12 space-bottom-small\">\n<div class=\"row\">\n<div class=\"col-xs-12 col-sm-fit label-col\" data-type=\"column\">\n<h5 class=\"\">T\u00e9l\u00e9phone :<\/h5>\n<\/div>\n<div class=\"col-xs-12 col-sm\" data-type=\"column\">\n<p class=\"\">02 37 23 21 27<\/p>\n\n<\/div>\n<\/div>\n<\/div>\n<div class=\"col-xs-12 space-bottom-small\">\n<div class=\"row\">\n<div class=\"col-xs-12 col-sm-fit label-col\" data-type=\"column\">\n<h5 class=\"\">E-mail :<\/h5>\n<\/div>\n<div class=\"col-xs-12 col-sm\" data-type=\"column\"><a class=\"\" href=\"mailto:bonnenouvelle@diocesechartres.fr\" target=\"_self\" rel=\"noopener\" data-cp-link=\"1\">bonnenouvelle@diocesechartres.fr<\/a><\/div>\n<\/div>\n<\/div>\n<\/div>\n<\/div>\n<\/div>\n<\/div>\n<\/div>","protected":false},"excerpt":{"rendered":"<p>Vision pastorale : Les yeux fix\u00e9s sur J\u00e9sus, entrons dans le projet de Dieu. Implantation des \u00e9glises et des chapelles Compos\u00e9e de 24 \u00e9glises, 3 chapelles et son oratoire des&hellip; <br \/> <a class=\"read-more\" href=\"https:\/\/labonnenouvelle-valdeleure.fr\/\">Lire la suite<\/a><\/p>\n","protected":false},"author":1,"featured_media":0,"parent":0,"menu_order":0,"comment_status":"closed","ping_status":"closed","template":"page-templates\/homepage.php","meta":{"_monsterinsights_skip_tracking":false,"_monsterinsights_sitenote_active":false,"_monsterinsights_sitenote_note":"","_monsterinsights_sitenote_category":0,"_price":"","_stock":"","_tribe_ticket_header":"","_tribe_default_ticket_provider":"","_ticket_start_date":"","_ticket_end_date":"","_tribe_ticket_show_description":"","_tribe_ticket_show_not_going":false,"_tribe_ticket_use_global_stock":"","_tribe_ticket_global_stock_level":"","_global_stock_mode":"","_global_stock_cap":"","_tribe_rsvp_for_event":"","_tribe_ticket_going_count":"","_tribe_ticket_not_going_count":"","_tribe_tickets_list":"[]","_tribe_ticket_has_attendee_info_fields":false,"_EventAllDay":false,"_EventTimezone":"","_EventStartDate":"","_EventEndDate":"","_EventStartDateUTC":"","_EventEndDateUTC":"","_EventShowMap":false,"_EventShowMapLink":false,"_EventURL":"","_EventCost":"","_EventCostDescription":"","_EventCurrencySymbol":"","_EventCurrencyCode":"","_EventCurrencyPosition":"","_EventDateTimeSeparator":"","_EventTimeRangeSeparator":"","_EventOrganizerID":[],"_EventVenueID":[],"_OrganizerEmail":"","_OrganizerPhone":"","_OrganizerWebsite":"","_VenueAddress":"","_VenueCity":"","_VenueCountry":"","_VenueProvince":"","_VenueState":"","_VenueZip":"","_VenuePhone":"","_VenueURL":"","_VenueStateProvince":"","_VenueLat":"","_VenueLng":"","_VenueShowMap":false,"_VenueShowMapLink":false,"footnotes":"","_tec_slr_enabled":"","_tec_slr_layout":""},"class_list":["post-79","page","type-page","status-publish","hentry"],"aioseo_notices":[],"ticketed":false,"_links":{"self":[{"href":"https:\/\/labonnenouvelle-valdeleure.fr\/index.php\/wp-json\/wp\/v2\/pages\/79","targetHints":{"allow":["GET"]}}],"collection":[{"href":"https:\/\/labonnenouvelle-valdeleure.fr\/index.php\/wp-json\/wp\/v2\/pages"}],"about":[{"href":"https:\/\/labonnenouvelle-valdeleure.fr\/index.php\/wp-json\/wp\/v2\/types\/page"}],"author":[{"embeddable":true,"href":"https:\/\/labonnenouvelle-valdeleure.fr\/index.php\/wp-json\/wp\/v2\/users\/1"}],"replies":[{"embeddable":true,"href":"https:\/\/labonnenouvelle-valdeleure.fr\/index.php\/wp-json\/wp\/v2\/comments?post=79"}],"version-history":[{"count":81,"href":"https:\/\/labonnenouvelle-valdeleure.fr\/index.php\/wp-json\/wp\/v2\/pages\/79\/revisions"}],"predecessor-version":[{"id":1124,"href":"https:\/\/labonnenouvelle-valdeleure.fr\/index.php\/wp-json\/wp\/v2\/pages\/79\/revisions\/1124"}],"wp:attachment":[{"href":"https:\/\/labonnenouvelle-valdeleure.fr\/index.php\/wp-json\/wp\/v2\/media?parent=79"}],"curies":[{"name":"wp","href":"https:\/\/api.w.org\/{rel}","templated":true}]}}