{"id":223,"date":"2023-10-14T07:32:19","date_gmt":"2023-10-14T05:32:19","guid":{"rendered":"https:\/\/labonnenouvelle-valdeleure.fr\/?page_id=223"},"modified":"2024-08-15T18:28:54","modified_gmt":"2024-08-15T16:28:54","slug":"les-7-sacrements","status":"publish","type":"page","link":"https:\/\/labonnenouvelle-valdeleure.fr\/index.php\/les-7-sacrements\/","title":{"rendered":"Les 7 sacrements"},"content":{"rendered":"<div id=\"features-1\" class=\"features-13 content-section content-section-spacing\" style=\"background-color: #f5fafd;\" data-label=\"Features\" data-id=\"features--1\" data-export-id=\"features-13\" data-category=\"features\">\n<div class=\"gridContainer\">\n<div class=\"row text-center\">\n<div class=\"section-title-col\" data-type=\"column\">\n<h2 class=\"\">Une voie vers la gr\u00e2ce divine<\/h2>\n<\/div>\n<\/div>\n<div class=\"row spaced-cols\" data-type=\"row\">\n<div class=\"col col-sm-6 col-md-3 space-bottom\"><i class=\"fa icon fa-connectdevelop big round bordered color1\"><\/i>\n<h4 class=\"\">Le Bapt\u00eame<\/h4>\n<p class=\"\">Le bapt\u00eame est le premier sacrement que l\u2019on re\u00e7oit dans l\u2019\u00e9glise catholique. Il symbolise la purification et la naissance \u00e0 une nouvelle vie en Christ. Par le bapt\u00eame, nous devenons membres de la communaut\u00e9 chr\u00e9tienne et nous sommes purifi\u00e9s du p\u00e9ch\u00e9 originel.<\/p>\n<a class=\"button y-move small color2\" href=\"#\" target=\"_self\" rel=\"noopener\" data-cp-link=\"1\" data-icon=\"\">PLUS<\/a>\n\n<\/div>\n<div class=\"col col-sm-6 col-md-3 space-bottom\"><i class=\"fa icon fa-connectdevelop big round bordered color1\"><\/i>\n<h4 class=\"\">La Confirmation<\/h4>\n<p class=\"\">La confirmation est le sacrement par lequel nous recevons le don de l\u2019Esprit Saint. Il renforce notre lien avec Dieu et nous donne la force de vivre notre foi de mani\u00e8re authentique. Lors de la confirmation, nous sommes marqu\u00e9s du sceau de l\u2019Esprit Saint.<\/p>\n<a class=\"button y-move small color2\" href=\"#\" target=\"_self\" rel=\"noopener\" data-cp-link=\"1\" data-icon=\"\">PLUS<\/a>\n\n<\/div>\n<div class=\"col col-sm-6 col-md-3 space-bottom\"><i class=\"fa icon fa-connectdevelop big round bordered color1\"><\/i>\n<h4 class=\"\">L\u2019Eucharistie<\/h4>\n<p class=\"\">L\u2019eucharistie est le sacrement central de la vie chr\u00e9tienne. Lors de la messe, le pain et le vin sont consacr\u00e9s et deviennent le corps et le sang du Christ. En recevant l\u2019eucharistie, nous nous nourrissons spirituellement et nous sommes unis \u00e0 J\u00e9sus-Christ.<\/p>\n<a class=\"button y-move small color2\" href=\"#\" target=\"_self\" rel=\"noopener\" data-cp-link=\"1\" data-icon=\"\">PLUS<\/a>\n\n<\/div>\n<div class=\"col col-sm-6 col-md-3 space-bottom\"><i class=\"fa icon fa-codepen big round bordered color1\"><\/i>\n<h4 class=\"\">La Confession<\/h4>\n<p class=\"\">La Confession est le sacrement de la mis\u00e9ricorde de Dieu. Par le confession, nous pouvons demander pardon pour nos p\u00e9ch\u00e9s et recevoir l\u2019absolution. Ce sacrement nous permet de nous r\u00e9concilier avec Dieu et avec nos fr\u00e8res et s\u0153urs.<\/p>\n<a class=\"button y-move small color2\" href=\"#\" target=\"_self\" rel=\"noopener\" data-cp-link=\"1\" data-icon=\"\">PLUS<\/a>\n\n<\/div>\n<\/div>\n<\/div>\n<\/div>\n<div id=\"features-3\" class=\"features-13 content-section content-section-spacing\" style=\"background-color: #ffffff;\" data-label=\"Features\" data-id=\"features--3\" data-export-id=\"features-13\" data-category=\"features\">\n<div class=\"gridContainer\">\n<div class=\"row text-center\">\n<div class=\"section-title-col\" data-type=\"column\"><\/div>\n<\/div>\n<div class=\"row spaced-cols\" data-type=\"row\">\n<div class=\"col col-sm-6 col-md-3 space-bottom\"><i class=\"fa icon fa-connectdevelop big round bordered color1\"><\/i>\n<h4 class=\"\">Le Mariage<\/h4>\n<p class=\"\">Le mariage est le sacrement de l\u2019amour conjugal. Il unit un homme et une femme dans une alliance sacr\u00e9e devant Dieu. Le mariage est un engagement pour la vie et il est source de gr\u00e2ce pour les \u00e9poux.<\/p>\n<a class=\"button y-move small color2\" href=\"#\" target=\"_self\" rel=\"noopener\" data-cp-link=\"1\" data-icon=\"\">PLUS<\/a>\n\n<\/div>\n<div class=\"col col-sm-6 col-md-3 space-bottom\"><i class=\"fa icon fa-connectdevelop big round bordered color1\"><\/i>\n<h4 class=\"\">L\u2019Ordination<\/h4>\n<p class=\"\">L\u2019ordination est le sacrement par lequel une personne est ordonn\u00e9e pr\u00eatre, diacre ou \u00e9v\u00eaque. Les ordonn\u00e9s sont appel\u00e9s \u00e0 servir Dieu et l\u2019\u00e9glise et \u00e0 guider les fid\u00e8les sur le chemin de la foi.<\/p>\n<a class=\"button y-move small color2\" href=\"#\" target=\"_self\" rel=\"noopener\" data-cp-link=\"1\" data-icon=\"\">PLUS<\/a>\n\n<\/div>\n<div class=\"col col-sm-6 col-md-3 space-bottom\"><i class=\"fa icon fa-connectdevelop big round bordered color1\"><\/i>\n<h4 class=\"\">Le sacrement des malades<\/h4>\n<p class=\"\">Le sacrement des malades comprend l\u2019onction des malades et la confession des mourants.<\/p>\n\n\n<a class=\"button y-move small color2\" href=\"#\" target=\"_self\" rel=\"noopener\" data-cp-link=\"1\" data-icon=\"\">PLUS<\/a>\n\n<\/div>\n<\/div>\n<\/div>\n<\/div>","protected":false},"excerpt":{"rendered":"<p>Une voie vers la gr\u00e2ce divine Le Bapt\u00eame Le bapt\u00eame est le premier sacrement que l\u2019on re\u00e7oit dans l\u2019\u00e9glise catholique. Il symbolise la purification et la naissance \u00e0 une nouvelle&hellip; <br \/> <a class=\"read-more\" href=\"https:\/\/labonnenouvelle-valdeleure.fr\/index.php\/les-7-sacrements\/\">Lire la suite<\/a><\/p>\n","protected":false},"author":1,"featured_media":0,"parent":0,"menu_order":0,"comment_status":"closed","ping_status":"closed","template":"pro\/page-templates\/full-width-homepage-header.php","meta":{"_monsterinsights_skip_tracking":false,"_monsterinsights_sitenote_active":false,"_monsterinsights_sitenote_note":"","_monsterinsights_sitenote_category":0,"_price":"","_stock":"","_tribe_ticket_header":"","_tribe_default_ticket_provider":"","_ticket_start_date":"","_ticket_end_date":"","_tribe_ticket_show_description":"","_tribe_ticket_show_not_going":false,"_tribe_ticket_use_global_stock":"","_tribe_ticket_global_stock_level":"","_global_stock_mode":"","_global_stock_cap":"","_tribe_rsvp_for_event":"","_tribe_ticket_going_count":"","_tribe_ticket_not_going_count":"","_tribe_tickets_list":"[]","_tribe_ticket_has_attendee_info_fields":false,"_EventAllDay":false,"_EventTimezone":"","_EventStartDate":"","_EventEndDate":"","_EventStartDateUTC":"","_EventEndDateUTC":"","_EventShowMap":false,"_EventShowMapLink":false,"_EventURL":"","_EventCost":"","_EventCostDescription":"","_EventCurrencySymbol":"","_EventCurrencyCode":"","_EventCurrencyPosition":"","_EventDateTimeSeparator":"","_EventTimeRangeSeparator":"","_EventOrganizerID":[],"_EventVenueID":[],"_OrganizerEmail":"","_OrganizerPhone":"","_OrganizerWebsite":"","_VenueAddress":"","_VenueCity":"","_VenueCountry":"","_VenueProvince":"","_VenueState":"","_VenueZip":"","_VenuePhone":"","_VenueURL":"","_VenueStateProvince":"","_VenueLat":"","_VenueLng":"","_VenueShowMap":false,"_VenueShowMapLink":false,"footnotes":"","_tec_slr_enabled":"","_tec_slr_layout":""},"class_list":["post-223","page","type-page","status-publish","hentry"],"aioseo_notices":[],"ticketed":false,"_links":{"self":[{"href":"https:\/\/labonnenouvelle-valdeleure.fr\/index.php\/wp-json\/wp\/v2\/pages\/223","targetHints":{"allow":["GET"]}}],"collection":[{"href":"https:\/\/labonnenouvelle-valdeleure.fr\/index.php\/wp-json\/wp\/v2\/pages"}],"about":[{"href":"https:\/\/labonnenouvelle-valdeleure.fr\/index.php\/wp-json\/wp\/v2\/types\/page"}],"author":[{"embeddable":true,"href":"https:\/\/labonnenouvelle-valdeleure.fr\/index.php\/wp-json\/wp\/v2\/users\/1"}],"replies":[{"embeddable":true,"href":"https:\/\/labonnenouvelle-valdeleure.fr\/index.php\/wp-json\/wp\/v2\/comments?post=223"}],"version-history":[{"count":12,"href":"https:\/\/labonnenouvelle-valdeleure.fr\/index.php\/wp-json\/wp\/v2\/pages\/223\/revisions"}],"predecessor-version":[{"id":984,"href":"https:\/\/labonnenouvelle-valdeleure.fr\/index.php\/wp-json\/wp\/v2\/pages\/223\/revisions\/984"}],"wp:attachment":[{"href":"https:\/\/labonnenouvelle-valdeleure.fr\/index.php\/wp-json\/wp\/v2\/media?parent=223"}],"curies":[{"name":"wp","href":"https:\/\/api.w.org\/{rel}","templated":true}]}}