{"id":22,"date":"2023-10-07T11:44:22","date_gmt":"2023-10-07T09:44:22","guid":{"rendered":"https:\/\/labonnenouvelle-valdeleure.fr\/?page_id=22"},"modified":"2024-02-02T12:04:02","modified_gmt":"2024-02-02T11:04:02","slug":"charite-et-solidarite","status":"publish","type":"page","link":"https:\/\/labonnenouvelle-valdeleure.fr\/index.php\/charite-et-solidarite\/","title":{"rendered":"Charit\u00e9 et Solidarit\u00e9"},"content":{"rendered":"<div data-label=\"Features\" data-id=\"features--1\" data-export-id=\"features-16-card-bordered\" data-category=\"features\" class=\"features-16-card-bordered content-section content-section-spacing\" id=\"features-1\"  style=\"background-color: rgb(255, 255, 255);\"><div class=\"gridContainer\" > <div class=\"row text-center\" ><div class=\"section-title-col\" data-type=\"column\" > <h2 class=\"\" >Charit\u00e9 et Solidarit\u00e9<\/h2> <p class=\"lead\" ><span style=\"font-weight: 700;\" >A ceci, tous reconna\u00eetront que vous \u00eates mes disciples ; si vous avez de l&rsquo;amour les uns pour les autres. \n<\/span><br ><span style=\"font-weight: 700;\" >(Jean 13, 35)<\/span><\/p><\/div> <\/div> <div class=\"row spaced-cols center-sm\" data-type=\"row\" > <div class=\"col-xs-12 col-sm-6 col-md-4\" > <div class=\"card no-padding bordered y-move\" > <img decoding=\"async\" class=\"face\" src=\"http:\/\/labonnenouvelle-valdeleure.fr\/wp-content\/uploads\/2024\/02\/cropped-SecoursCatholique.jpg\"  title=\"cropped-SecoursCatholique.jpg\" alt=\"\"> <div data-type=\"column\" class=\"col-padding-small col-padding-small-xs description-container\" > <h4 class=\"font-500\" >Secours catholique<\/h4> <p class=\"\" >Lorem ipsum dolor sit amet, consectetur adipiscing elit, sed do eiusmod tempor incididunt ut labore et dolore magna aliqua. Ut enim ad minim veniam, quis nostrud exercitation.<\/p><\/div> <div data-type=\"column\" class=\"col-padding-small col-padding-small-xs read-more-container\" ><a class=\"read-more\" href=\"#\" target=\"_self\" data-cp-link=\"1\" rel=\"noopener\">PLUS<\/a><\/div> <\/div><\/div> <div class=\"col-xs-12 col-sm-6 col-md-4\" ><div class=\"card no-padding bordered y-move\" > <img decoding=\"async\" class=\"face\" src=\"https:\/\/labonnenouvelle-valdeleure.fr\/wp-content\/plugins\/mesmerize-companion\/theme-data\/mesmerize\/sections\/images\/apple-1838564.jpg\" > <div data-type=\"column\" class=\"col-padding-small col-padding-small-xs description-container\" > <h4 class=\"font-500\" >Visites \u00e0 domicile<\/h4> <p class=\"\" >Lorem ipsum dolor sit amet, consectetur adipiscing elit, sed do eiusmod tempor incididunt ut labore et dolore magna aliqua. Ut enim ad minim veniam, quis nostrud exercitation.<\/p><\/div> <div data-type=\"column\" class=\"col-padding-small col-padding-small-xs read-more-container\" ><a class=\"read-more\" href=\"#\" target=\"_self\" data-cp-link=\"1\" rel=\"noopener\">PLUS<\/a><\/div> <\/div><\/div> <div class=\"col-xs-12 col-sm-6 col-md-4\" ><div class=\"card no-padding bordered y-move\" > <img decoding=\"async\" class=\"face\" src=\"https:\/\/labonnenouvelle-valdeleure.fr\/wp-content\/plugins\/mesmerize-companion\/theme-data\/mesmerize\/sections\/images\/laptop-2559795.jpg\" > <div data-type=\"column\" class=\"col-padding-small col-padding-small-xs description-container\" > <h4 class=\"font-500\" >Accueil des p\u00e9l\u00e9rins<\/h4> <p class=\"\" >Lorem ipsum dolor sit amet, consectetur adipiscing elit, sed do eiusmod tempor incididunt ut labore et dolore magna aliqua. Ut enim ad minim veniam, quis nostrud exercitation.<\/p><\/div> <div data-type=\"column\" class=\"col-padding-small col-padding-small-xs read-more-container\" ><a class=\"read-more\" href=\"#\" target=\"_self\" data-cp-link=\"1\" rel=\"noopener\">PLUS<\/a><\/div> <\/div><\/div> <div class=\"col-xs-12 col-sm-6 col-md-4\" > <div class=\"card no-padding bordered y-move\" > <img decoding=\"async\" class=\"face\" src=\"https:\/\/labonnenouvelle-valdeleure.fr\/wp-content\/plugins\/mesmerize-companion\/theme-data\/mesmerize\/sections\/images\/computer-2569652.jpg\" > <div data-type=\"column\" class=\"col-padding-small col-padding-small-xs description-container\" > <h4 class=\"font-500\" >Choucroute paroissiale<\/h4> <p class=\"\" >Lorem ipsum dolor sit amet, consectetur adipiscing elit, sed do eiusmod tempor incididunt ut labore et dolore magna aliqua. Ut enim ad minim veniam, quis nostrud exercitation.<\/p><\/div> <div data-type=\"column\" class=\"col-padding-small col-padding-small-xs read-more-container\" ><a class=\"read-more\" href=\"#\" target=\"_self\" data-cp-link=\"1\" rel=\"noopener\">PLUS<\/a><\/div> <\/div><\/div><div class=\"col-xs-12 col-sm-6 col-md-4\" > <div class=\"card no-padding bordered y-move\" > <img decoding=\"async\" class=\"face\" src=\"https:\/\/labonnenouvelle-valdeleure.fr\/wp-content\/plugins\/mesmerize-companion\/theme-data\/mesmerize\/sections\/images\/computer-2569652.jpg\" > <div data-type=\"column\" class=\"col-padding-small col-padding-small-xs description-container\" > <h4 class=\"font-500\" >Pastorale de sant\u00e9<\/h4> <p class=\"\" >Lorem ipsum dolor sit amet, consectetur adipiscing elit, sed do eiusmod tempor incididunt ut labore et dolore magna aliqua. Ut enim ad minim veniam, quis nostrud exercitation.<\/p><\/div> <div data-type=\"column\" class=\"col-padding-small col-padding-small-xs read-more-container\" ><a class=\"read-more\" href=\"#\" target=\"_self\" data-cp-link=\"1\" rel=\"noopener\">PLUS<\/a><\/div> <\/div><\/div><\/div><\/div> <\/div>","protected":false},"excerpt":{"rendered":"<p>Charit\u00e9 et Solidarit\u00e9 A ceci, tous reconna\u00eetront que vous \u00eates mes disciples ; si vous avez de l&rsquo;amour les uns pour les autres. (Jean 13, 35) Secours catholique Lorem ipsum&hellip; <br \/> <a class=\"read-more\" href=\"https:\/\/labonnenouvelle-valdeleure.fr\/index.php\/charite-et-solidarite\/\">Lire la suite<\/a><\/p>\n","protected":false},"author":1,"featured_media":0,"parent":0,"menu_order":0,"comment_status":"closed","ping_status":"closed","template":"pro\/page-templates\/full-width-homepage-header.php","meta":{"_monsterinsights_skip_tracking":false,"_monsterinsights_sitenote_active":false,"_monsterinsights_sitenote_note":"","_monsterinsights_sitenote_category":0,"_price":"","_stock":"","_tribe_ticket_header":"","_tribe_default_ticket_provider":"","_ticket_start_date":"","_ticket_end_date":"","_tribe_ticket_show_description":"","_tribe_ticket_show_not_going":false,"_tribe_ticket_use_global_stock":"","_tribe_ticket_global_stock_level":"","_global_stock_mode":"","_global_stock_cap":"","_tribe_rsvp_for_event":"","_tribe_ticket_going_count":"","_tribe_ticket_not_going_count":"","_tribe_tickets_list":"[]","_tribe_ticket_has_attendee_info_fields":false,"_EventAllDay":false,"_EventTimezone":"","_EventStartDate":"","_EventEndDate":"","_EventStartDateUTC":"","_EventEndDateUTC":"","_EventShowMap":false,"_EventShowMapLink":false,"_EventURL":"","_EventCost":"","_EventCostDescription":"","_EventCurrencySymbol":"","_EventCurrencyCode":"","_EventCurrencyPosition":"","_EventDateTimeSeparator":"","_EventTimeRangeSeparator":"","_EventOrganizerID":[],"_EventVenueID":[],"_OrganizerEmail":"","_OrganizerPhone":"","_OrganizerWebsite":"","_VenueAddress":"","_VenueCity":"","_VenueCountry":"","_VenueProvince":"","_VenueState":"","_VenueZip":"","_VenuePhone":"","_VenueURL":"","_VenueStateProvince":"","_VenueLat":"","_VenueLng":"","_VenueShowMap":false,"_VenueShowMapLink":false,"footnotes":"","_tec_slr_enabled":"","_tec_slr_layout":""},"class_list":["post-22","page","type-page","status-publish","hentry"],"aioseo_notices":[],"ticketed":false,"_links":{"self":[{"href":"https:\/\/labonnenouvelle-valdeleure.fr\/index.php\/wp-json\/wp\/v2\/pages\/22","targetHints":{"allow":["GET"]}}],"collection":[{"href":"https:\/\/labonnenouvelle-valdeleure.fr\/index.php\/wp-json\/wp\/v2\/pages"}],"about":[{"href":"https:\/\/labonnenouvelle-valdeleure.fr\/index.php\/wp-json\/wp\/v2\/types\/page"}],"author":[{"embeddable":true,"href":"https:\/\/labonnenouvelle-valdeleure.fr\/index.php\/wp-json\/wp\/v2\/users\/1"}],"replies":[{"embeddable":true,"href":"https:\/\/labonnenouvelle-valdeleure.fr\/index.php\/wp-json\/wp\/v2\/comments?post=22"}],"version-history":[{"count":7,"href":"https:\/\/labonnenouvelle-valdeleure.fr\/index.php\/wp-json\/wp\/v2\/pages\/22\/revisions"}],"predecessor-version":[{"id":962,"href":"https:\/\/labonnenouvelle-valdeleure.fr\/index.php\/wp-json\/wp\/v2\/pages\/22\/revisions\/962"}],"wp:attachment":[{"href":"https:\/\/labonnenouvelle-valdeleure.fr\/index.php\/wp-json\/wp\/v2\/media?parent=22"}],"curies":[{"name":"wp","href":"https:\/\/api.w.org\/{rel}","templated":true}]}}