{"id":21,"date":"2023-10-07T11:44:22","date_gmt":"2023-10-07T09:44:22","guid":{"rendered":"https:\/\/labonnenouvelle-valdeleure.fr\/?page_id=21"},"modified":"2024-04-16T19:25:28","modified_gmt":"2024-04-16T17:25:28","slug":"vie-spirituelle","status":"publish","type":"page","link":"https:\/\/labonnenouvelle-valdeleure.fr\/index.php\/vie-spirituelle\/","title":{"rendered":"Vie spirituelle"},"content":{"rendered":"<div id=\"features-1\" class=\"features-16-card-bordered content-section content-section-spacing\" style=\"background-color: #ffffff;\" data-label=\"Features\" data-id=\"features--1\" data-export-id=\"features-16-card-bordered\" data-category=\"features\">\n<div class=\"gridContainer\">\n<div class=\"row text-center\">\n<div class=\"section-title-col\" data-type=\"column\">\n<h2 class=\"\">Vie spirituelle<\/h2>\n<p class=\"lead\"><span style=\"font-weight: bold;\">\u00ab\u00a0<em>Veillez donc, car vous ne savez ni le jour ni l&rsquo;heure.<\/em>\u00a0\u00bb (Mathieu 25, 13)<\/span><\/p>\n\n<\/div>\n<\/div>\n<div class=\"row spaced-cols\" data-type=\"row\">\n<div class=\"col-xs-12 col-sm-6 col-md-4\">\n<div class=\"card no-padding bordered y-move\"><img decoding=\"async\" class=\"face\" title=\"Formation\" src=\"http:\/\/labonnenouvelle-valdeleure.fr\/wp-content\/uploads\/2024\/02\/cropped-Formation-scaled-1.jpg\" alt=\"\" \/>\n<div class=\"col-padding-small col-padding-small-xs description-container\" data-type=\"column\">\n<h4 class=\"font-500\">Formations<\/h4>\n<p class=\"\">Lorem ipsum dolor sit amet, consectetur adipiscing elit, sed do eiusmod tempor incididunt ut labore et dolore magna aliqua. Ut enim ad minim veniam, quis nostrud exercitation.<\/p>\n\n<\/div>\n<div class=\"col-padding-small col-padding-small-xs read-more-container\" data-type=\"column\"><a class=\"read-more\" href=\"#\" target=\"_self\" rel=\"noopener\" data-cp-link=\"1\">PLUS<\/a><\/div>\n<\/div>\n<\/div>\n<div class=\"col-xs-12 col-sm-6 col-md-4\">\n<div class=\"card no-padding bordered y-move\"><img decoding=\"async\" class=\"face\" title=\"Chapelet\" src=\"http:\/\/labonnenouvelle-valdeleure.fr\/wp-content\/uploads\/2024\/02\/cropped-Chapelet-scaled-1.jpg\" alt=\"\" \/>\n<div class=\"col-padding-small col-padding-small-xs description-container\" data-type=\"column\">\n<h4 class=\"font-500\">Chapelet<\/h4>\n<p class=\"\">Lorem ipsum dolor sit amet, consectetur adipiscing elit, sed do eiusmod tempor incididunt ut labore et dolore magna aliqua. Ut enim ad minim veniam, quis nostrud exercitation.<\/p>\n\n<\/div>\n<div class=\"col-padding-small col-padding-small-xs read-more-container\" data-type=\"column\"><a class=\"read-more\" href=\"#\" target=\"_self\" rel=\"noopener\" data-cp-link=\"1\">PLUS<\/a><\/div>\n<\/div>\n<\/div>\n<div class=\"col-xs-12 col-sm-6 col-md-4\">\n<div class=\"card no-padding bordered y-move\"><img decoding=\"async\" class=\"face\" title=\"Louange\" src=\"http:\/\/labonnenouvelle-valdeleure.fr\/wp-content\/uploads\/2024\/02\/cropped-Louange-scaled-1.jpg\" alt=\"\" \/>\n<div class=\"col-padding-small col-padding-small-xs description-container\" data-type=\"column\">\n<h4 class=\"font-500\">Temps de louange<\/h4>\n<p class=\"\">Lorem ipsum dolor sit amet, consectetur adipiscing elit, sed do eiusmod tempor incididunt ut labore et dolore magna aliqua. Ut enim ad minim veniam, quis nostrud exercitation.<\/p>\n\n<\/div>\n<div class=\"col-padding-small col-padding-small-xs read-more-container\" data-type=\"column\"><a class=\"read-more\" href=\"#\" target=\"_self\" rel=\"noopener\" data-cp-link=\"1\">PLUS<\/a><\/div>\n<\/div>\n<\/div>\n<div class=\"col-xs-12 col-sm-6 col-md-4\">\n<div class=\"card no-padding bordered y-move\"><img decoding=\"async\" class=\"face\" title=\"Pelerinage\" src=\"http:\/\/labonnenouvelle-valdeleure.fr\/wp-content\/uploads\/2024\/02\/cropped-Pelerinage-scaled-1.jpg\" alt=\"\" \/>\n<div class=\"col-padding-small col-padding-small-xs description-container\" data-type=\"column\">\n<h4 class=\"font-500\">P\u00e9l\u00e9rinages<\/h4>\n<p class=\"\">Lorem ipsum dolor sit amet, consectetur adipiscing elit, sed do eiusmod tempor incididunt ut labore et dolore magna aliqua. Ut enim ad minim veniam, quis nostrud exercitation.<\/p>\n\n<\/div>\n<div class=\"col-padding-small col-padding-small-xs read-more-container\" data-type=\"column\"><a class=\"read-more\" href=\"#\" target=\"_self\" rel=\"noopener\" data-cp-link=\"1\">PLUS<\/a><\/div>\n<\/div>\n<\/div>\n<div class=\"col-xs-12 col-sm-6 col-md-4\">\n<div class=\"card no-padding bordered y-move\"><img decoding=\"async\" class=\"face\" src=\"https:\/\/labonnenouvelle-valdeleure.fr\/wp-content\/plugins\/mesmerize-companion\/theme-data\/mesmerize\/sections\/images\/computer-2569652.jpg\" \/>\n<div class=\"col-padding-small col-padding-small-xs description-container\" data-type=\"column\">\n<h4 class=\"font-500\">Renouveau charismatique<\/h4>\n<p class=\"\">Lorem ipsum dolor sit amet, consectetur adipiscing elit, sed do eiusmod tempor incididunt ut labore et dolore magna aliqua. Ut enim ad minim veniam, quis nostrud exercitation.<\/p>\n\n<\/div>\n<div class=\"col-padding-small col-padding-small-xs read-more-container\" data-type=\"column\"><a class=\"read-more\" href=\"#\" target=\"_self\" rel=\"noopener\" data-cp-link=\"1\">PLUS<\/a><\/div>\n<\/div>\n<\/div>\n<div class=\"col-xs-12 col-sm-6 col-md-4\">\n<div class=\"card no-padding bordered y-move\"><img decoding=\"async\" class=\"face\" title=\"Offices\" src=\"http:\/\/labonnenouvelle-valdeleure.fr\/wp-content\/uploads\/2024\/02\/cropped-Offices-scaled-1.jpg\" alt=\"\" \/>\n<div class=\"col-padding-small col-padding-small-xs description-container\" data-type=\"column\">\n<h4 class=\"font-500\">Les offices<\/h4>\n<p class=\"\">Lorem ipsum dolor sit amet, consectetur adipiscing elit, sed do eiusmod tempor incididunt ut labore et dolore magna aliqua. Ut enim ad minim veniam, quis nostrud exercitation.<\/p>\n\n<\/div>\n<div class=\"col-padding-small col-padding-small-xs read-more-container\" data-type=\"column\"><a class=\"read-more\" href=\"#\" target=\"_self\" rel=\"noopener\" data-cp-link=\"1\">PLUS<\/a><\/div>\n<\/div>\n<\/div>\n<div class=\"col-xs-12 col-sm-6 col-md-4\">\n<div class=\"card no-padding bordered y-move\"><img decoding=\"async\" class=\"face\" title=\"cropped-AELF.png\" src=\"http:\/\/labonnenouvelle-valdeleure.fr\/wp-content\/uploads\/2024\/02\/cropped-AELF.png\" alt=\"\" \/>\n<div class=\"col-padding-small col-padding-small-xs description-container\" data-type=\"column\">\n<h4 class=\"font-500\">AELF<\/h4>\nL&rsquo;\u00e9coute de la Parole de Dieu et la pri\u00e8re des heures rythment la vie l&rsquo;\u00c9glise et des croyants. Venez \u00e0 la source du bonheur v\u00e9ritable.\n<p class=\"\">Lien vers le site de l&rsquo; Association Episcopale Liturgique pour les pays Francophones.<\/p>\n\n<\/div>\n<div class=\"col-padding-small col-padding-small-xs read-more-container\" data-type=\"column\"><a class=\"read-more\" href=\"https:\/\/www.aelf.org\" target=\"_self\" rel=\"noopener\" data-cp-link=\"1\">PLUS<\/a><\/div>\n<\/div>\n<\/div>\n<div class=\"col-xs-12 col-sm-6 col-md-4\">\n<div class=\"card no-padding bordered y-move\"><img decoding=\"async\" class=\"face\" title=\"ConnaitreJesus\" src=\"http:\/\/labonnenouvelle-valdeleure.fr\/wp-content\/uploads\/2024\/02\/cropped-ConnaitreJesus-scaled-1.jpg\" alt=\"\" \/>\n<div class=\"col-padding-small col-padding-small-xs description-container\" data-type=\"column\">\n<h4 class=\"font-500\">Conna\u00eetre J\u00e9sus<\/h4>\n<p class=\"\">Lorem ipsum dolor sit amet, consectetur adipiscing elit, sed do eiusmod tempor incididunt ut labore et dolore magna aliqua. Ut enim ad minim veniam, quis nostrud exercitation.<\/p>\n\n<\/div>\n<div class=\"col-padding-small col-padding-small-xs read-more-container\" data-type=\"column\"><a class=\"read-more\" href=\"#\" target=\"_self\" rel=\"noopener\" data-cp-link=\"1\">PLUS<\/a><\/div>\n<\/div>\n<\/div>\n<div class=\"col-xs-12 col-sm-6 col-md-4\">\n<div class=\"card no-padding bordered y-move\"><img decoding=\"async\" class=\"face\" title=\"TempsLiturgique\" src=\"http:\/\/labonnenouvelle-valdeleure.fr\/wp-content\/uploads\/2024\/02\/cropped-TempsLiturgique-scaled-1.jpg\" alt=\"\" \/>\n<div class=\"col-padding-small col-padding-small-xs description-container\" data-type=\"column\">\n<h4 class=\"font-500\">Au rythme des temps liturgiques<\/h4>\n<p class=\"\">Lorem ipsum dolor sit amet, consectetur adipiscing elit, sed do eiusmod tempor incididunt ut labore et dolore magna aliqua. Ut enim ad minim veniam, quis nostrud exercitation.<\/p>\n\n<\/div>\n<div class=\"col-padding-small col-padding-small-xs read-more-container\" data-type=\"column\"><a class=\"read-more\" href=\"#\" target=\"_self\" rel=\"noopener\" data-cp-link=\"1\">PLUS<\/a><\/div>\n<\/div>\n<\/div>\n<\/div>\n<\/div>\n<\/div>","protected":false},"excerpt":{"rendered":"<p>Vie spirituelle \u00ab\u00a0Veillez donc, car vous ne savez ni le jour ni l&rsquo;heure.\u00a0\u00bb (Mathieu 25, 13) Formations Lorem ipsum dolor sit amet, consectetur adipiscing elit, sed do eiusmod tempor incididunt&hellip; <br \/> <a class=\"read-more\" href=\"https:\/\/labonnenouvelle-valdeleure.fr\/index.php\/vie-spirituelle\/\">Lire la suite<\/a><\/p>\n","protected":false},"author":1,"featured_media":0,"parent":0,"menu_order":0,"comment_status":"closed","ping_status":"closed","template":"pro\/page-templates\/full-width-homepage-header.php","meta":{"_monsterinsights_skip_tracking":false,"_monsterinsights_sitenote_active":false,"_monsterinsights_sitenote_note":"","_monsterinsights_sitenote_category":0,"_price":"","_stock":"","_tribe_ticket_header":"","_tribe_default_ticket_provider":"","_ticket_start_date":"","_ticket_end_date":"","_tribe_ticket_show_description":"","_tribe_ticket_show_not_going":false,"_tribe_ticket_use_global_stock":"","_tribe_ticket_global_stock_level":"","_global_stock_mode":"","_global_stock_cap":"","_tribe_rsvp_for_event":"","_tribe_ticket_going_count":"","_tribe_ticket_not_going_count":"","_tribe_tickets_list":"[]","_tribe_ticket_has_attendee_info_fields":false,"_EventAllDay":false,"_EventTimezone":"","_EventStartDate":"","_EventEndDate":"","_EventStartDateUTC":"","_EventEndDateUTC":"","_EventShowMap":false,"_EventShowMapLink":false,"_EventURL":"","_EventCost":"","_EventCostDescription":"","_EventCurrencySymbol":"","_EventCurrencyCode":"","_EventCurrencyPosition":"","_EventDateTimeSeparator":"","_EventTimeRangeSeparator":"","_EventOrganizerID":[],"_EventVenueID":[],"_OrganizerEmail":"","_OrganizerPhone":"","_OrganizerWebsite":"","_VenueAddress":"","_VenueCity":"","_VenueCountry":"","_VenueProvince":"","_VenueState":"","_VenueZip":"","_VenuePhone":"","_VenueURL":"","_VenueStateProvince":"","_VenueLat":"","_VenueLng":"","_VenueShowMap":false,"_VenueShowMapLink":false,"footnotes":"","_tec_slr_enabled":"","_tec_slr_layout":""},"class_list":["post-21","page","type-page","status-publish","hentry"],"aioseo_notices":[],"ticketed":false,"_links":{"self":[{"href":"https:\/\/labonnenouvelle-valdeleure.fr\/index.php\/wp-json\/wp\/v2\/pages\/21","targetHints":{"allow":["GET"]}}],"collection":[{"href":"https:\/\/labonnenouvelle-valdeleure.fr\/index.php\/wp-json\/wp\/v2\/pages"}],"about":[{"href":"https:\/\/labonnenouvelle-valdeleure.fr\/index.php\/wp-json\/wp\/v2\/types\/page"}],"author":[{"embeddable":true,"href":"https:\/\/labonnenouvelle-valdeleure.fr\/index.php\/wp-json\/wp\/v2\/users\/1"}],"replies":[{"embeddable":true,"href":"https:\/\/labonnenouvelle-valdeleure.fr\/index.php\/wp-json\/wp\/v2\/comments?post=21"}],"version-history":[{"count":10,"href":"https:\/\/labonnenouvelle-valdeleure.fr\/index.php\/wp-json\/wp\/v2\/pages\/21\/revisions"}],"predecessor-version":[{"id":961,"href":"https:\/\/labonnenouvelle-valdeleure.fr\/index.php\/wp-json\/wp\/v2\/pages\/21\/revisions\/961"}],"wp:attachment":[{"href":"https:\/\/labonnenouvelle-valdeleure.fr\/index.php\/wp-json\/wp\/v2\/media?parent=21"}],"curies":[{"name":"wp","href":"https:\/\/api.w.org\/{rel}","templated":true}]}}